{"id":7968,"date":"2020-04-11T08:36:29","date_gmt":"2020-04-11T08:36:29","guid":{"rendered":"https:\/\/www.gavias-theme.com\/wp\/indutri\/?page_id=7968"},"modified":"2025-06-19T14:16:44","modified_gmt":"2025-06-19T12:16:44","slug":"news","status":"publish","type":"page","link":"https:\/\/domanime.com\/?page_id=7968","title":{"rendered":"Actualit\u00e9s"},"content":{"rendered":"\t\t<div data-elementor-type=\"wp-page\" data-elementor-id=\"7968\" class=\"elementor elementor-7968\">\n\t\t\t\t\t\t<section class=\"elementor-section elementor-top-section elementor-element elementor-element-adc65de elementor-section-boxed elementor-section-height-default elementor-section-height-default\" data-id=\"adc65de\" data-element_type=\"section\">\n\t\t\t\t\t\t<div class=\"elementor-container elementor-column-gap-default\">\n\t\t\t\t\t<div class=\"elementor-column elementor-col-100 elementor-top-column elementor-element elementor-element-474e27b top column-style-top\" data-id=\"474e27b\" data-element_type=\"column\">\n\t\t\t<div class=\"elementor-widget-wrap elementor-element-populated\">\n\t\t\t\t\t\t<div class=\"elementor-element elementor-element-a83bab2 elementor-widget elementor-widget-gva-posts\" data-id=\"a83bab2\" data-element_type=\"widget\" data-widget_type=\"gva-posts.default\">\n\t\t\t\t<div class=\"elementor-widget-container\">\n\t\t\t\t\t<div class=\"gva-element-gva-posts gva-element\">  \r\n  <div class=\"gva-posts-grid clearfix gva-posts\">\r\n      <div class=\"gva-content-items\"> \r\n        <div class=\"lg-block-grid-2 md-block-grid-2 sm-block-grid-2 xs-block-grid-1 xx-block-grid-1\">\r\n          \n<div class=\"all actualites-domanime bien-etre-prevention-sante conseils-aux-familles nos-activites-a-domicile vie-sociale-culturelle-des-seniors vieillir-chez-soi  item-columns\">\n   <article id=\"post-11090\" class=\"post-11090 post type-post status-publish format-gallery has-post-thumbnail hentry category-actualites-domanime category-bien-etre-prevention-sante category-conseils-aux-familles category-nos-activites-a-domicile category-vie-sociale-culturelle-des-seniors category-vieillir-chez-soi post_format-post-format-gallery\">\n      <div class=\"post-block post-style-1\">\n         <div class=\"post-thumbnail\">\n            <a href=\"https:\/\/domanime.com\/?p=11090\">\n               <img fetchpriority=\"high\" decoding=\"async\" width=\"600\" height=\"455\" src=\"https:\/\/domanime.com\/wp-content\/uploads\/2018\/01\/domanime-activites-personnes-agees-a-domicile-paris-ile-de-france-6-600x455.jpg\" class=\"attachment-post-thumbnail size-post-thumbnail wp-post-image\" alt=\"Les jeux de soci\u00e9t\u00e9 \u00e0 domicile : bien plus qu\u2019un divertissement pour les personnes \u00e2g\u00e9es\" \/>            <\/a>   \n         <\/div>   \n\n         <div class=\"entry-content\">\n            <div class=\"content-inner\">\n               <div class=\"entry-meta\">\n                  \n    <div class=\"meta-inline\"><span class=\"entry-date\">11 June 2025<\/span><\/div>               <\/div> \n               <h2 class=\"entry-title\"><a href=\"https:\/\/domanime.com\/?p=11090\" rel=\"bookmark\">Les jeux de soci\u00e9t\u00e9 \u00e0 domicile : bien plus qu\u2019un divertissement pour les personnes \u00e2g\u00e9es<\/a><\/h2>\n            <\/div>\n         <\/div>\n      <\/div>   \n   <\/article>   \n<\/div>\n\n  \n<div class=\"all actualites-domanime bien-etre-prevention-sante conseils-aux-familles nos-activites-a-domicile vieillir-chez-soi  item-columns\">\n   <article id=\"post-11091\" class=\"post-11091 post type-post status-publish format-gallery has-post-thumbnail hentry category-actualites-domanime category-bien-etre-prevention-sante category-conseils-aux-familles category-nos-activites-a-domicile category-vieillir-chez-soi post_format-post-format-gallery\">\n      <div class=\"post-block post-style-1\">\n         <div class=\"post-thumbnail\">\n            <a href=\"https:\/\/domanime.com\/?p=11091\">\n               <img decoding=\"async\" width=\"600\" height=\"455\" src=\"https:\/\/domanime.com\/wp-content\/uploads\/2018\/01\/pexels-vlada-karpovich-8940504-600x455.jpg\" class=\"attachment-post-thumbnail size-post-thumbnail wp-post-image\" alt=\"Tai Chi et relaxation \u00e0 domicile : une s\u00e9r\u00e9nit\u00e9 retrouv\u00e9e pour les seniors\" \/>            <\/a>   \n         <\/div>   \n\n         <div class=\"entry-content\">\n            <div class=\"content-inner\">\n               <div class=\"entry-meta\">\n                  \n    <div class=\"meta-inline\"><span class=\"entry-date\">11 June 2025<\/span><\/div>               <\/div> \n               <h2 class=\"entry-title\"><a href=\"https:\/\/domanime.com\/?p=11091\" rel=\"bookmark\">Tai Chi et relaxation \u00e0 domicile : une s\u00e9r\u00e9nit\u00e9 retrouv\u00e9e pour les seniors<\/a><\/h2>\n            <\/div>\n         <\/div>\n      <\/div>   \n   <\/article>   \n<\/div>\n\n  \n<div class=\"all actualites-domanime bien-etre-prevention-sante conseils-aux-familles le-role-des-aidants nos-activites-a-domicile vieillir-chez-soi  item-columns\">\n   <article id=\"post-11092\" class=\"post-11092 post type-post status-publish format-gallery has-post-thumbnail hentry category-actualites-domanime category-bien-etre-prevention-sante category-conseils-aux-familles category-le-role-des-aidants category-nos-activites-a-domicile category-vieillir-chez-soi post_format-post-format-gallery\">\n      <div class=\"post-block post-style-1\">\n         <div class=\"post-thumbnail\">\n            <a href=\"https:\/\/domanime.com\/?p=11092\">\n               <img decoding=\"async\" width=\"600\" height=\"455\" src=\"https:\/\/domanime.com\/wp-content\/uploads\/2025\/06\/pexels-italo-melo-881954-1786258-600x455.jpg\" class=\"attachment-post-thumbnail size-post-thumbnail wp-post-image\" alt=\"Activit\u00e9s non m\u00e9dicalis\u00e9es : un pilier souvent sous-estim\u00e9 du maintien \u00e0 domicile\" \/>            <\/a>   \n         <\/div>   \n\n         <div class=\"entry-content\">\n            <div class=\"content-inner\">\n               <div class=\"entry-meta\">\n                  \n    <div class=\"meta-inline\"><span class=\"entry-date\">11 June 2025<\/span><\/div>               <\/div> \n               <h2 class=\"entry-title\"><a href=\"https:\/\/domanime.com\/?p=11092\" rel=\"bookmark\">Activit\u00e9s non m\u00e9dicalis\u00e9es : un pilier souvent sous-estim\u00e9 du maintien \u00e0 domicile<\/a><\/h2>\n            <\/div>\n         <\/div>\n      <\/div>   \n   <\/article>   \n<\/div>\n\n  \n<div class=\"all actualites-domanime bien-etre-prevention-sante conseils-aux-familles le-role-des-aidants nos-activites-a-domicile vieillir-chez-soi  item-columns\">\n   <article id=\"post-11093\" class=\"post-11093 post type-post status-publish format-gallery has-post-thumbnail hentry category-actualites-domanime category-bien-etre-prevention-sante category-conseils-aux-familles category-le-role-des-aidants category-nos-activites-a-domicile category-vieillir-chez-soi post_format-post-format-gallery\">\n      <div class=\"post-block post-style-1\">\n         <div class=\"post-thumbnail\">\n            <a href=\"https:\/\/domanime.com\/?p=11093\">\n               <img loading=\"lazy\" decoding=\"async\" width=\"600\" height=\"455\" src=\"https:\/\/domanime.com\/wp-content\/uploads\/2025\/06\/pexels-dariaobymaha-1684916-600x455.jpg\" class=\"attachment-post-thumbnail size-post-thumbnail wp-post-image\" alt=\"Stimuler la m\u00e9moire \u00e0 domicile : un geste simple pour pr\u00e9server bien plus que les souvenirs\" \/>            <\/a>   \n         <\/div>   \n\n         <div class=\"entry-content\">\n            <div class=\"content-inner\">\n               <div class=\"entry-meta\">\n                  \n    <div class=\"meta-inline\"><span class=\"entry-date\">11 June 2025<\/span><\/div>               <\/div> \n               <h2 class=\"entry-title\"><a href=\"https:\/\/domanime.com\/?p=11093\" rel=\"bookmark\">Stimuler la m\u00e9moire \u00e0 domicile : un geste simple pour pr\u00e9server bien plus que les souvenirs<\/a><\/h2>\n            <\/div>\n         <\/div>\n      <\/div>   \n   <\/article>   \n<\/div>\n\n  \n<div class=\"all bien-etre-prevention-sante conseils-aux-familles le-role-des-aidants vieillir-chez-soi  item-columns\">\n   <article id=\"post-11089\" class=\"post-11089 post type-post status-publish format-gallery has-post-thumbnail hentry category-bien-etre-prevention-sante category-conseils-aux-familles category-le-role-des-aidants category-vieillir-chez-soi post_format-post-format-gallery\">\n      <div class=\"post-block post-style-1\">\n         <div class=\"post-thumbnail\">\n            <a href=\"https:\/\/domanime.com\/?p=11089\">\n               <img loading=\"lazy\" decoding=\"async\" width=\"600\" height=\"455\" src=\"https:\/\/domanime.com\/wp-content\/uploads\/2025\/06\/pexels-italo-melo-881954-1786244-600x455.jpg\" class=\"attachment-post-thumbnail size-post-thumbnail wp-post-image\" alt=\"Comment choisir l\u2019activit\u00e9 id\u00e9ale pour son parent \u00e2g\u00e9 \u00e0 domicile ?\" \/>            <\/a>   \n         <\/div>   \n\n         <div class=\"entry-content\">\n            <div class=\"content-inner\">\n               <div class=\"entry-meta\">\n                  \n    <div class=\"meta-inline\"><span class=\"entry-date\">11 June 2025<\/span><\/div>               <\/div> \n               <h2 class=\"entry-title\"><a href=\"https:\/\/domanime.com\/?p=11089\" rel=\"bookmark\">Comment choisir l\u2019activit\u00e9 id\u00e9ale pour son parent \u00e2g\u00e9 \u00e0 domicile ?<\/a><\/h2>\n            <\/div>\n         <\/div>\n      <\/div>   \n   <\/article>   \n<\/div>\n\n  \n<div class=\"all bien-etre-prevention-sante conseils-aux-familles vieillir-chez-soi  item-columns\">\n   <article id=\"post-11088\" class=\"post-11088 post type-post status-publish format-gallery has-post-thumbnail hentry category-bien-etre-prevention-sante category-conseils-aux-familles category-vieillir-chez-soi post_format-post-format-gallery\">\n      <div class=\"post-block post-style-1\">\n         <div class=\"post-thumbnail\">\n            <a href=\"https:\/\/domanime.com\/?p=11088\">\n               <img loading=\"lazy\" decoding=\"async\" width=\"600\" height=\"455\" src=\"https:\/\/domanime.com\/wp-content\/uploads\/2025\/06\/pexels-pixabay-160767-600x455.jpg\" class=\"attachment-post-thumbnail size-post-thumbnail wp-post-image\" alt=\"Pr\u00e9venir la perte d\u2019autonomie : agir t\u00f4t, \u00e0 domicile, en douceur\" \/>            <\/a>   \n         <\/div>   \n\n         <div class=\"entry-content\">\n            <div class=\"content-inner\">\n               <div class=\"entry-meta\">\n                  \n    <div class=\"meta-inline\"><span class=\"entry-date\">11 June 2025<\/span><\/div>               <\/div> \n               <h2 class=\"entry-title\"><a href=\"https:\/\/domanime.com\/?p=11088\" rel=\"bookmark\">Pr\u00e9venir la perte d\u2019autonomie : agir t\u00f4t, \u00e0 domicile, en douceur<\/a><\/h2>\n            <\/div>\n         <\/div>\n      <\/div>   \n   <\/article>   \n<\/div>\n\n  \n<div class=\"all droits-aides-financieres  item-columns\">\n   <article id=\"post-257\" class=\"post-257 post type-post status-publish format-gallery has-post-thumbnail hentry category-droits-aides-financieres post_format-post-format-gallery\">\n      <div class=\"post-block post-style-1\">\n         <div class=\"post-thumbnail\">\n            <a href=\"https:\/\/domanime.com\/?p=257\">\n               <img loading=\"lazy\" decoding=\"async\" width=\"600\" height=\"455\" src=\"https:\/\/domanime.com\/wp-content\/uploads\/2016\/01\/Credit-impot-comment-marche-F-600x455.jpg\" class=\"attachment-post-thumbnail size-post-thumbnail wp-post-image\" alt=\"Le cr\u00e9dit d\u2019imp\u00f4t : un levier souvent m\u00e9connu pour accompagner nos a\u00een\u00e9s \u00e0 domicile\" \/>            <\/a>   \n         <\/div>   \n\n         <div class=\"entry-content\">\n            <div class=\"content-inner\">\n               <div class=\"entry-meta\">\n                  \n    <div class=\"meta-inline\"><span class=\"entry-date\">3 January 2024<\/span><\/div>               <\/div> \n               <h2 class=\"entry-title\"><a href=\"https:\/\/domanime.com\/?p=257\" rel=\"bookmark\">Le cr\u00e9dit d\u2019imp\u00f4t : un levier souvent m\u00e9connu pour accompagner nos a\u00een\u00e9s \u00e0 domicile<\/a><\/h2>\n            <\/div>\n         <\/div>\n      <\/div>   \n   <\/article>   \n<\/div>\n\n          <\/div>\r\n      <\/div>\r\n                <div class=\"pagination\">\r\n                        <\/div>\r\n        <\/div>\r\n  <\/div>\t\t\t\t<\/div>\n\t\t\t\t<\/div>\n\t\t\t\t\t<\/div>\n\t\t<\/div>\n\t\t\t\t\t<\/div>\n\t\t<\/section>\n\t\t\t\t<\/div>\n\t\t","protected":false},"excerpt":{"rendered":"<p>11 juin 2025-0 comments Les jeux de soci\u00e9t\u00e9 \u00e0 domicile : bien plus qu\u2019un divertissement pour les personnes \u00e2g\u00e9es 11 juin 2025-0 comments Tai Chi et relaxation \u00e0 domicile : [&hellip;]<\/p>\n","protected":false},"author":1,"featured_media":0,"parent":0,"menu_order":0,"comment_status":"closed","ping_status":"closed","template":"","meta":{"footnotes":""},"class_list":["post-7968","page","type-page","status-publish","hentry"],"_links":{"self":[{"href":"https:\/\/domanime.com\/index.php?rest_route=\/wp\/v2\/pages\/7968","targetHints":{"allow":["GET"]}}],"collection":[{"href":"https:\/\/domanime.com\/index.php?rest_route=\/wp\/v2\/pages"}],"about":[{"href":"https:\/\/domanime.com\/index.php?rest_route=\/wp\/v2\/types\/page"}],"author":[{"embeddable":true,"href":"https:\/\/domanime.com\/index.php?rest_route=\/wp\/v2\/users\/1"}],"replies":[{"embeddable":true,"href":"https:\/\/domanime.com\/index.php?rest_route=%2Fwp%2Fv2%2Fcomments&post=7968"}],"version-history":[{"count":16,"href":"https:\/\/domanime.com\/index.php?rest_route=\/wp\/v2\/pages\/7968\/revisions"}],"predecessor-version":[{"id":11140,"href":"https:\/\/domanime.com\/index.php?rest_route=\/wp\/v2\/pages\/7968\/revisions\/11140"}],"wp:attachment":[{"href":"https:\/\/domanime.com\/index.php?rest_route=%2Fwp%2Fv2%2Fmedia&parent=7968"}],"curies":[{"name":"wp","href":"https:\/\/api.w.org\/{rel}","templated":true}]}}