{"id":8394,"date":"2020-05-07T06:40:48","date_gmt":"2020-05-07T06:40:48","guid":{"rendered":"https:\/\/www.gavias-theme.com\/wp\/indutri\/?page_id=8394"},"modified":"2025-06-11T12:32:43","modified_gmt":"2025-06-11T10:32:43","slug":"service-2-2-2","status":"publish","type":"page","link":"https:\/\/domanime.com\/?page_id=8394","title":{"rendered":"Nos services"},"content":{"rendered":"\t\t<div data-elementor-type=\"wp-page\" data-elementor-id=\"8394\" class=\"elementor elementor-8394\">\n\t\t\t\t\t\t<section class=\"elementor-section elementor-top-section elementor-element elementor-element-bf50e4a elementor-section-boxed elementor-section-height-default elementor-section-height-default\" data-id=\"bf50e4a\" data-element_type=\"section\">\n\t\t\t\t\t\t<div class=\"elementor-container elementor-column-gap-default\">\n\t\t\t\t\t<div class=\"elementor-column elementor-col-100 elementor-top-column elementor-element elementor-element-a2d7d0e top column-style-top\" data-id=\"a2d7d0e\" data-element_type=\"column\">\n\t\t\t<div class=\"elementor-widget-wrap elementor-element-populated\">\n\t\t\t\t\t\t<div class=\"elementor-element elementor-element-27752d4 elementor-widget elementor-widget-gva-heading-block\" data-id=\"27752d4\" data-element_type=\"widget\" data-widget_type=\"gva-heading-block.default\">\n\t\t\t\t<div class=\"elementor-widget-container\">\n\t\t\t\t\t<div class=\"gva-element-gva-heading-block gva-element\">   <div class=\"align-center style-1 widget gsc-heading box-align-left\">\r\n      <div class=\"content-inner\">\r\n         \r\n                  \r\n                     <div class=\"clearfix\"><div class=\"sub-title\"><span>D\u00e9couvrez nos services<\/span><\/div><\/div>\r\n           \r\n         \r\n                     <h2 class=\"title\">\r\n               <span>Nos services<\/span>\r\n            <\/h2>\r\n                  \r\n         \r\n      <\/div>\r\n   <\/div>\r\n   <div class=\"clearfix\"><\/div>\r\n<\/div>\t\t\t\t<\/div>\n\t\t\t\t<\/div>\n\t\t\t\t<div class=\"elementor-element elementor-element-232d9c7 elementor-widget elementor-widget-gva-services\" data-id=\"232d9c7\" data-element_type=\"widget\" data-widget_type=\"gva-services.default\">\n\t\t\t\t<div class=\"elementor-widget-container\">\n\t\t\t\t\t<div class=\"gva-element-gva-services gva-element\">  \r\n  <div class=\"gva-services-grid clearfix gva-services\">\r\n      <div class=\"gva-content-items\"> \r\n        <div class=\"lg-block-grid-3 md-block-grid-3 sm-block-grid-2 xs-block-grid-1 xx-block-grid-1\">\r\n          <div class=\"item-columns\"><div class=\"item\">\n   <div class=\"service-item-v2\">     \n      \n      <div class=\"service-image\">\n         <img fetchpriority=\"high\" decoding=\"async\" width=\"600\" height=\"600\" src=\"https:\/\/domanime.com\/wp-content\/uploads\/2018\/01\/domanime-activites-personnes-agees-a-domicile-paris-ile-de-france-10-600x600.jpg\" class=\"attachment-medium size-medium wp-post-image\" alt=\"\" srcset=\"https:\/\/domanime.com\/wp-content\/uploads\/2018\/01\/domanime-activites-personnes-agees-a-domicile-paris-ile-de-france-10-600x600.jpg 600w, https:\/\/domanime.com\/wp-content\/uploads\/2018\/01\/domanime-activites-personnes-agees-a-domicile-paris-ile-de-france-10-180x180.jpg 180w, https:\/\/domanime.com\/wp-content\/uploads\/2018\/01\/domanime-activites-personnes-agees-a-domicile-paris-ile-de-france-10-300x300.jpg 300w, https:\/\/domanime.com\/wp-content\/uploads\/2018\/01\/domanime-activites-personnes-agees-a-domicile-paris-ile-de-france-10-24x24.jpg 24w, https:\/\/domanime.com\/wp-content\/uploads\/2018\/01\/domanime-activites-personnes-agees-a-domicile-paris-ile-de-france-10-48x48.jpg 48w, https:\/\/domanime.com\/wp-content\/uploads\/2018\/01\/domanime-activites-personnes-agees-a-domicile-paris-ile-de-france-10-96x96.jpg 96w, https:\/\/domanime.com\/wp-content\/uploads\/2018\/01\/domanime-activites-personnes-agees-a-domicile-paris-ile-de-france-10-150x150.jpg 150w\" sizes=\"(max-width: 600px) 100vw, 600px\" \/>                     <div class=\"service-icon\">\n               <img decoding=\"async\" src=\"https:\/\/domanime.com\/wp-content\/uploads\/2018\/01\/computer.png\" alt=\"\ud83d\udcbbInitiation au num\u00e9rique en douceur\" \/>            <\/div> \n               <\/div>   \n\n      <div class=\"service-content\">\n         <div class=\"content-inner\">\n            <h3 class=\"title\">\n               <a href=\"https:\/\/domanime.com\/?service=%f0%9f%92%bb-1-initiation-au-numerique-en-douceur\">\ud83d\udcbbInitiation au num\u00e9rique en douceur<\/a>\n            <\/h3>\n            <div class=\"desc\">Apprentissage pas \u00e0 pas de l\u2019utilisation de la tablette ou du smartphone :\r\n\r\nComment envoyer un<\/div> \n            <div class=\"readmore\">\n               <a class=\"btn-inline\" href=\"https:\/\/domanime.com\/?service=%f0%9f%92%bb-1-initiation-au-numerique-en-douceur\"><span>En savoir plus<\/span><\/a>\n            <\/div>\n         <\/div>    \n      <\/div>\n   <\/div>\n<\/div><\/div><div class=\"item-columns\"><div class=\"item\">\n   <div class=\"service-item-v2\">     \n      \n      <div class=\"service-image\">\n         <img decoding=\"async\" width=\"600\" height=\"600\" src=\"https:\/\/domanime.com\/wp-content\/uploads\/2018\/01\/domanime-activites-personnes-agees-a-domicile-paris-ile-de-france-1-600x600.jpg\" class=\"attachment-medium size-medium wp-post-image\" alt=\"\" srcset=\"https:\/\/domanime.com\/wp-content\/uploads\/2018\/01\/domanime-activites-personnes-agees-a-domicile-paris-ile-de-france-1-600x600.jpg 600w, https:\/\/domanime.com\/wp-content\/uploads\/2018\/01\/domanime-activites-personnes-agees-a-domicile-paris-ile-de-france-1-180x180.jpg 180w, https:\/\/domanime.com\/wp-content\/uploads\/2018\/01\/domanime-activites-personnes-agees-a-domicile-paris-ile-de-france-1-300x300.jpg 300w, https:\/\/domanime.com\/wp-content\/uploads\/2018\/01\/domanime-activites-personnes-agees-a-domicile-paris-ile-de-france-1-24x24.jpg 24w, https:\/\/domanime.com\/wp-content\/uploads\/2018\/01\/domanime-activites-personnes-agees-a-domicile-paris-ile-de-france-1-48x48.jpg 48w, https:\/\/domanime.com\/wp-content\/uploads\/2018\/01\/domanime-activites-personnes-agees-a-domicile-paris-ile-de-france-1-96x96.jpg 96w, https:\/\/domanime.com\/wp-content\/uploads\/2018\/01\/domanime-activites-personnes-agees-a-domicile-paris-ile-de-france-1-150x150.jpg 150w\" sizes=\"(max-width: 600px) 100vw, 600px\" \/>                     <div class=\"service-icon\">\n               <img decoding=\"async\" src=\"https:\/\/domanime.com\/wp-content\/uploads\/2018\/01\/puzzle.png\" alt=\"\ud83c\udfb2Jeux de soci\u00e9t\u00e9 et de m\u00e9moire\" \/>            <\/div> \n               <\/div>   \n\n      <div class=\"service-content\">\n         <div class=\"content-inner\">\n            <h3 class=\"title\">\n               <a href=\"https:\/\/domanime.com\/?service=%f0%9f%8e%b2jeux-de-societe-et-de-memoire\">\ud83c\udfb2Jeux de soci\u00e9t\u00e9 et de m\u00e9moire<\/a>\n            <\/h3>\n            <div class=\"desc\">Jeu du loto, dominos, memory, quizz visuels\r\n\r\nExercices cognitifs adapt\u00e9s au rythme de chacun\r\n\ud83c\udfaf Objectif :<\/div> \n            <div class=\"readmore\">\n               <a class=\"btn-inline\" href=\"https:\/\/domanime.com\/?service=%f0%9f%8e%b2jeux-de-societe-et-de-memoire\"><span>En savoir plus<\/span><\/a>\n            <\/div>\n         <\/div>    \n      <\/div>\n   <\/div>\n<\/div><\/div><div class=\"item-columns\"><div class=\"item\">\n   <div class=\"service-item-v2\">     \n      \n      <div class=\"service-image\">\n         <img decoding=\"async\" width=\"600\" height=\"600\" src=\"https:\/\/domanime.com\/wp-content\/uploads\/2018\/01\/pexels-wellness-gallery-catalyst-foundation-229759139-12085813-600x600.jpg\" class=\"attachment-medium size-medium wp-post-image\" alt=\"\" srcset=\"https:\/\/domanime.com\/wp-content\/uploads\/2018\/01\/pexels-wellness-gallery-catalyst-foundation-229759139-12085813-600x600.jpg 600w, https:\/\/domanime.com\/wp-content\/uploads\/2018\/01\/pexels-wellness-gallery-catalyst-foundation-229759139-12085813-180x180.jpg 180w, https:\/\/domanime.com\/wp-content\/uploads\/2018\/01\/pexels-wellness-gallery-catalyst-foundation-229759139-12085813-300x300.jpg 300w, https:\/\/domanime.com\/wp-content\/uploads\/2018\/01\/pexels-wellness-gallery-catalyst-foundation-229759139-12085813-24x24.jpg 24w, https:\/\/domanime.com\/wp-content\/uploads\/2018\/01\/pexels-wellness-gallery-catalyst-foundation-229759139-12085813-48x48.jpg 48w, https:\/\/domanime.com\/wp-content\/uploads\/2018\/01\/pexels-wellness-gallery-catalyst-foundation-229759139-12085813-96x96.jpg 96w, https:\/\/domanime.com\/wp-content\/uploads\/2018\/01\/pexels-wellness-gallery-catalyst-foundation-229759139-12085813-150x150.jpg 150w\" sizes=\"(max-width: 600px) 100vw, 600px\" \/>                     <div class=\"service-icon\">\n               <img decoding=\"async\" src=\"https:\/\/domanime.com\/wp-content\/uploads\/2018\/01\/musical-note.png\" alt=\"\ud83c\udfb6Moment musical et chant partag\u00e9\" \/>            <\/div> \n               <\/div>   \n\n      <div class=\"service-content\">\n         <div class=\"content-inner\">\n            <h3 class=\"title\">\n               <a href=\"https:\/\/domanime.com\/?service=chemical-research\">\ud83c\udfb6Moment musical et chant partag\u00e9<\/a>\n            <\/h3>\n            <div class=\"desc\">\u00c9coute de chansons d\u2019\u00e9poque + paroles \u00e0 chanter\r\n\r\nRythmes doux avec petits instruments ou percussions\r\n\ud83c\udfaf Objectif<\/div> \n            <div class=\"readmore\">\n               <a class=\"btn-inline\" href=\"https:\/\/domanime.com\/?service=chemical-research\"><span>En savoir plus<\/span><\/a>\n            <\/div>\n         <\/div>    \n      <\/div>\n   <\/div>\n<\/div><\/div><div class=\"item-columns\"><div class=\"item\">\n   <div class=\"service-item-v2\">     \n      \n      <div class=\"service-image\">\n         <img loading=\"lazy\" decoding=\"async\" width=\"600\" height=\"600\" src=\"https:\/\/domanime.com\/wp-content\/uploads\/2018\/01\/pexels-liliana-drew-8497997-600x600.jpg\" class=\"attachment-medium size-medium wp-post-image\" alt=\"\" srcset=\"https:\/\/domanime.com\/wp-content\/uploads\/2018\/01\/pexels-liliana-drew-8497997-600x600.jpg 600w, https:\/\/domanime.com\/wp-content\/uploads\/2018\/01\/pexels-liliana-drew-8497997-180x180.jpg 180w, https:\/\/domanime.com\/wp-content\/uploads\/2018\/01\/pexels-liliana-drew-8497997-300x300.jpg 300w, https:\/\/domanime.com\/wp-content\/uploads\/2018\/01\/pexels-liliana-drew-8497997-24x24.jpg 24w, https:\/\/domanime.com\/wp-content\/uploads\/2018\/01\/pexels-liliana-drew-8497997-48x48.jpg 48w, https:\/\/domanime.com\/wp-content\/uploads\/2018\/01\/pexels-liliana-drew-8497997-96x96.jpg 96w, https:\/\/domanime.com\/wp-content\/uploads\/2018\/01\/pexels-liliana-drew-8497997-150x150.jpg 150w\" sizes=\"(max-width: 600px) 100vw, 600px\" \/>                     <div class=\"service-icon\">\n               <img decoding=\"async\" src=\"https:\/\/domanime.com\/wp-content\/uploads\/2018\/01\/meditation.png\" alt=\"\ud83e\uddd8Relaxation et mouvements doux (Tai Chi \/ \u00e9tirements assis)\" \/>            <\/div> \n               <\/div>   \n\n      <div class=\"service-content\">\n         <div class=\"content-inner\">\n            <h3 class=\"title\">\n               <a href=\"https:\/\/domanime.com\/?service=%f0%9f%a7%98relaxation-et-mouvements-doux-tai-chi-etirements-assis\">\ud83e\uddd8Relaxation et mouvements doux (Tai Chi \/ \u00e9tirements assis)<\/a>\n            <\/h3>\n            <div class=\"desc\">Exercices respiratoires et mouvements guid\u00e9s pour la mobilit\u00e9 pour un  bien-\u00eatre corporel, soulagement des<\/div> \n            <div class=\"readmore\">\n               <a class=\"btn-inline\" href=\"https:\/\/domanime.com\/?service=%f0%9f%a7%98relaxation-et-mouvements-doux-tai-chi-etirements-assis\"><span>En savoir plus<\/span><\/a>\n            <\/div>\n         <\/div>    \n      <\/div>\n   <\/div>\n<\/div><\/div><div class=\"item-columns\"><div class=\"item\">\n   <div class=\"service-item-v2\">     \n      \n      <div class=\"service-image\">\n         <img loading=\"lazy\" decoding=\"async\" width=\"600\" height=\"600\" src=\"https:\/\/domanime.com\/wp-content\/uploads\/2018\/01\/domanime-activites-personnes-agees-a-domicile-paris-ile-de-france-5-600x600.jpg\" class=\"attachment-medium size-medium wp-post-image\" alt=\"\" srcset=\"https:\/\/domanime.com\/wp-content\/uploads\/2018\/01\/domanime-activites-personnes-agees-a-domicile-paris-ile-de-france-5-600x600.jpg 600w, https:\/\/domanime.com\/wp-content\/uploads\/2018\/01\/domanime-activites-personnes-agees-a-domicile-paris-ile-de-france-5-180x180.jpg 180w, https:\/\/domanime.com\/wp-content\/uploads\/2018\/01\/domanime-activites-personnes-agees-a-domicile-paris-ile-de-france-5-300x300.jpg 300w, https:\/\/domanime.com\/wp-content\/uploads\/2018\/01\/domanime-activites-personnes-agees-a-domicile-paris-ile-de-france-5-24x24.jpg 24w, https:\/\/domanime.com\/wp-content\/uploads\/2018\/01\/domanime-activites-personnes-agees-a-domicile-paris-ile-de-france-5-48x48.jpg 48w, https:\/\/domanime.com\/wp-content\/uploads\/2018\/01\/domanime-activites-personnes-agees-a-domicile-paris-ile-de-france-5-96x96.jpg 96w, https:\/\/domanime.com\/wp-content\/uploads\/2018\/01\/domanime-activites-personnes-agees-a-domicile-paris-ile-de-france-5-150x150.jpg 150w\" sizes=\"(max-width: 600px) 100vw, 600px\" \/>                     <div class=\"service-icon\">\n               <img decoding=\"async\" src=\"https:\/\/domanime.com\/wp-content\/uploads\/2018\/01\/discussion.png\" alt=\"\ud83d\udde3\ufe0fAtelier \u201cSouvenirs et Papotage\u201d\" \/>            <\/div> \n               <\/div>   \n\n      <div class=\"service-content\">\n         <div class=\"content-inner\">\n            <h3 class=\"title\">\n               <a href=\"https:\/\/domanime.com\/?service=%f0%9f%97%a3%ef%b8%8fatelier-souvenirs-et-papotage\">\ud83d\udde3\ufe0fAtelier \u201cSouvenirs et Papotage\u201d<\/a>\n            <\/h3>\n            <div class=\"desc\">Discussion libre autour d\u2019une \u00e9poque, d\u2019un th\u00e8me (voyages, enfance, saisons\u2026)\r\n\r\n\u00c9change de r\u00e9cits avec \u00e9coute bienveillante\r\n\ud83c\udfaf<\/div> \n            <div class=\"readmore\">\n               <a class=\"btn-inline\" href=\"https:\/\/domanime.com\/?service=%f0%9f%97%a3%ef%b8%8fatelier-souvenirs-et-papotage\"><span>En savoir plus<\/span><\/a>\n            <\/div>\n         <\/div>    \n      <\/div>\n   <\/div>\n<\/div><\/div><div class=\"item-columns\"><div class=\"item\">\n   <div class=\"service-item-v2\">     \n      \n      <div class=\"service-image\">\n         <img loading=\"lazy\" decoding=\"async\" width=\"600\" height=\"600\" src=\"https:\/\/domanime.com\/wp-content\/uploads\/2018\/01\/scene-cinematographique-representant-le-soutien-et-la-gentillesse-parmi-les-communautes-de-personnes-1-600x600.jpg\" class=\"attachment-medium size-medium wp-post-image\" alt=\"\" srcset=\"https:\/\/domanime.com\/wp-content\/uploads\/2018\/01\/scene-cinematographique-representant-le-soutien-et-la-gentillesse-parmi-les-communautes-de-personnes-1-600x600.jpg 600w, https:\/\/domanime.com\/wp-content\/uploads\/2018\/01\/scene-cinematographique-representant-le-soutien-et-la-gentillesse-parmi-les-communautes-de-personnes-1-180x180.jpg 180w, https:\/\/domanime.com\/wp-content\/uploads\/2018\/01\/scene-cinematographique-representant-le-soutien-et-la-gentillesse-parmi-les-communautes-de-personnes-1-300x300.jpg 300w, https:\/\/domanime.com\/wp-content\/uploads\/2018\/01\/scene-cinematographique-representant-le-soutien-et-la-gentillesse-parmi-les-communautes-de-personnes-1-24x24.jpg 24w, https:\/\/domanime.com\/wp-content\/uploads\/2018\/01\/scene-cinematographique-representant-le-soutien-et-la-gentillesse-parmi-les-communautes-de-personnes-1-48x48.jpg 48w, https:\/\/domanime.com\/wp-content\/uploads\/2018\/01\/scene-cinematographique-representant-le-soutien-et-la-gentillesse-parmi-les-communautes-de-personnes-1-96x96.jpg 96w, https:\/\/domanime.com\/wp-content\/uploads\/2018\/01\/scene-cinematographique-representant-le-soutien-et-la-gentillesse-parmi-les-communautes-de-personnes-1-150x150.jpg 150w\" sizes=\"(max-width: 600px) 100vw, 600px\" \/>                     <div class=\"service-icon\">\n               <img decoding=\"async\" src=\"https:\/\/domanime.com\/wp-content\/uploads\/2018\/01\/paint-palette.png\" alt=\"\ud83c\udfa8Activit\u00e9 cr\u00e9ative : coloriage, peinture douce ou collage\" \/>            <\/div> \n               <\/div>   \n\n      <div class=\"service-content\">\n         <div class=\"content-inner\">\n            <h3 class=\"title\">\n               <a href=\"https:\/\/domanime.com\/?service=factory-construction\">\ud83c\udfa8Activit\u00e9 cr\u00e9ative : coloriage, peinture douce ou collage<\/a>\n            <\/h3>\n            <div class=\"desc\">Adapt\u00e9e \u00e0 toutes les capacit\u00e9s\r\n\r\nTh\u00e9matiques : nature, saisons, f\u00eates ou autre\r\n\ud83c\udfaf Objectif : expression personnelle,<\/div> \n            <div class=\"readmore\">\n               <a class=\"btn-inline\" href=\"https:\/\/domanime.com\/?service=factory-construction\"><span>En savoir plus<\/span><\/a>\n            <\/div>\n         <\/div>    \n      <\/div>\n   <\/div>\n<\/div><\/div>        <\/div>\r\n      <\/div>\r\n                <div class=\"pagination\">\r\n                        <\/div>\r\n        <\/div>\r\n  <\/div>\t\t\t\t<\/div>\n\t\t\t\t<\/div>\n\t\t\t\t\t<\/div>\n\t\t<\/div>\n\t\t\t\t\t<\/div>\n\t\t<\/section>\n\t\t\t\t<\/div>\n\t\t","protected":false},"excerpt":{"rendered":"<p>D\u00e9couvrez nos services Nos services \ud83d\udcbbInitiation au num\u00e9rique en douceur Apprentissage pas \u00e0 pas de l\u2019utilisation de la tablette ou du smartphone : Comment envoyer un En savoir plus \ud83c\udfb2Jeux [&hellip;]<\/p>\n","protected":false},"author":1,"featured_media":0,"parent":0,"menu_order":0,"comment_status":"closed","ping_status":"closed","template":"","meta":{"footnotes":""},"class_list":["post-8394","page","type-page","status-publish","hentry"],"_links":{"self":[{"href":"https:\/\/domanime.com\/index.php?rest_route=\/wp\/v2\/pages\/8394","targetHints":{"allow":["GET"]}}],"collection":[{"href":"https:\/\/domanime.com\/index.php?rest_route=\/wp\/v2\/pages"}],"about":[{"href":"https:\/\/domanime.com\/index.php?rest_route=\/wp\/v2\/types\/page"}],"author":[{"embeddable":true,"href":"https:\/\/domanime.com\/index.php?rest_route=\/wp\/v2\/users\/1"}],"replies":[{"embeddable":true,"href":"https:\/\/domanime.com\/index.php?rest_route=%2Fwp%2Fv2%2Fcomments&post=8394"}],"version-history":[{"count":4,"href":"https:\/\/domanime.com\/index.php?rest_route=\/wp\/v2\/pages\/8394\/revisions"}],"predecessor-version":[{"id":11004,"href":"https:\/\/domanime.com\/index.php?rest_route=\/wp\/v2\/pages\/8394\/revisions\/11004"}],"wp:attachment":[{"href":"https:\/\/domanime.com\/index.php?rest_route=%2Fwp%2Fv2%2Fmedia&parent=8394"}],"curies":[{"name":"wp","href":"https:\/\/api.w.org\/{rel}","templated":true}]}}